{"id":6,"date":"2017-05-25T10:58:36","date_gmt":"2017-05-25T10:58:36","guid":{"rendered":"https:\/\/donmeliton.es\/escuela-infantil\/?page_id=6"},"modified":"2017-06-21T09:35:14","modified_gmt":"2017-06-21T09:35:14","slug":"metodologia","status":"publish","type":"page","link":"https:\/\/donmeliton.es\/escuela-infantil\/metodologia\/","title":{"rendered":"Metodolog\u00eda"},"content":{"rendered":"<p>[et_pb_section bb_built=\u00bb1&#8243; admin_label=\u00bbsection\u00bb transparent_background=\u00bboff\u00bb allow_player_pause=\u00bboff\u00bb inner_shadow=\u00bboff\u00bb parallax=\u00bboff\u00bb parallax_method=\u00bbon\u00bb make_fullwidth=\u00bboff\u00bb use_custom_width=\u00bboff\u00bb width_unit=\u00bbon\u00bb make_equal=\u00bboff\u00bb use_custom_gutter=\u00bboff\u00bb custom_padding=\u00bb30px||20px|\u00bb][et_pb_row admin_label=\u00bbrow\u00bb allow_player_pause=\u00bboff\u00bb parallax=\u00bboff\u00bb parallax_method=\u00bbon\u00bb parallax_1=\u00bboff\u00bb parallax_method_1=\u00bboff\u00bb make_fullwidth=\u00bboff\u00bb use_custom_width=\u00bboff\u00bb width_unit=\u00bbon\u00bb use_custom_gutter=\u00bboff\u00bb make_equal=\u00bboff\u00bb custom_margin=\u00bb20px||0px|\u00bb custom_padding=\u00bb20px||0px|\u00bb background_position=\u00bbtop_left\u00bb background_repeat=\u00bbrepeat\u00bb background_size=\u00bbinitial\u00bb][et_pb_column type=\u00bb4_4&#8243;][et_pb_text admin_label=\u00bbTexto\u00bb background_layout=\u00bblight\u00bb text_orientation=\u00bbleft\u00bb use_border_color=\u00bboff\u00bb border_color=\u00bb#ffffff\u00bb border_style=\u00bbsolid\u00bb background_position=\u00bbtop_left\u00bb background_repeat=\u00bbrepeat\u00bb background_size=\u00bbinitial\u00bb]<\/p>\n<h3 style=\"text-align: center;\"><strong>JUEGO, MOVIMIENTO Y APRENDIZAJE<\/strong><\/h3>\n<p>[\/et_pb_text][et_pb_divider admin_label=\u00bbSeparador\u00bb show_divider=\u00bbon\u00bb color=\u00bb#96bf0d\u00bb divider_style=\u00bbsolid\u00bb divider_position=\u00bbtop\u00bb hide_on_mobile=\u00bboff\u00bb divider_weight=\u00bb3&#8243; custom_css_main_element=\u00bbwidth:10%!important;||text-align: center;||margin: 0 auto;\u00bb saved_tabs=\u00bball\u00bb \/][et_pb_text admin_label=\u00bbTexto\u00bb background_layout=\u00bblight\u00bb text_orientation=\u00bbleft\u00bb border_style=\u00bbsolid\u00bb background_position=\u00bbtop_left\u00bb background_repeat=\u00bbrepeat\u00bb background_size=\u00bbinitial\u00bb _builder_version=\u00bb3.0.49&#8243;]<\/p>\n<p style=\"text-align: justify;\">\u00a1Aprender jugando, la tarea m\u00e1s importante de la infancia!<\/p>\n<p style=\"text-align: justify;\">Nuestras escuelas son espacios de creaci\u00f3n, investigaci\u00f3n y descubrimiento, donde el juego es el motor del aprendizaje. A trav\u00e9s de \u00e9l adquirir\u00e1n habilidades sociales, de satisfacci\u00f3n y bienestar.<\/p>\n<p style=\"text-align: justify;\">Aplicamos metodolog\u00edas creativas, sensibles y adecuadas a la infancia:<\/p>\n<p style=\"text-align: justify;\">\u00a0&#8211; El m\u00e9todo Montessori: damos importancia a la parte de la \u00a8vida pr\u00e1ctica\u00a8 por la edad con la que trabajamos y al \u00a8rinc\u00f3n de la paz\u00a8 en la resoluci\u00f3n de conflictos.<\/p>\n<p style=\"text-align: justify;\">\u00a0&#8211; La pedagog\u00eda waldorf: nos encanta esa parte de fantas\u00eda que los ni\u00f1os necesitan, tan presente en nuestros proyectos como son las hadas de las estaciones, los personajes fant\u00e1sticos\u2026<\/p>\n<p style=\"text-align: justify;\">\u00a0&#8211; El enfoque Reggio Emilia: transformamos las aulas en aut\u00e9nticos ambientes de aprendizaje que inviten a los ni\u00f1os a interactuar con el entorno y descubrir sus posibilidades.<\/p>\n<p style=\"text-align: justify;\">\u00a0&#8211; La teor\u00eda de Emmi Pikler: se favorece la libertad y autonom\u00eda de los movimientos.<\/p>\n<p>[\/et_pb_text][\/et_pb_column][\/et_pb_row][\/et_pb_section]<\/p>\n","protected":false},"excerpt":{"rendered":"<p>JUEGO, MOVIMIENTO Y APRENDIZAJE \u00a1Aprender jugando, la&#8230;<\/p>\n","protected":false},"author":1,"featured_media":0,"parent":0,"menu_order":0,"comment_status":"closed","ping_status":"closed","template":"","meta":{"_et_pb_use_builder":"on","_et_pb_old_content":"<h4><em><strong>Juego, Movimiento y Aprendizaje<\/strong><\/em><\/h4>\r\n\u00a1Aprender jugando, la tarea m\u00e1s importante de la infancia!\r\n\r\nNuestras escuelas son espacios de creaci\u00f3n, investigaci\u00f3n y descubrimiento, donde el juego es el motor del aprendizaje. A trav\u00e9s de \u00e9l adquirir\u00e1n habilidades sociales, de satisfacci\u00f3n y bienestar.\r\n\r\n<strong>Aplicamos metodolog\u00edas creativas, sensibles y adecuadas a la infancia:<\/strong>\r\n<ul>\r\n \t<li><strong>El m\u00e9todo Montessori:<\/strong> damos importancia a la parte de la \u00a8vida pr\u00e1ctica\u00a8 por la edad con la que trabajamos y al \u00a8rinc\u00f3n de la paz\u00a8 en la resoluci\u00f3n de conflictos.<\/li>\r\n \t<li><strong>La pedagog\u00eda waldorf:<\/strong> nos encanta esa parte de fantas\u00eda que los ni\u00f1os necesitan, tan presente en nuestros proyectos como son las hadas de las estaciones, los personajes fant\u00e1sticos...<\/li>\r\n \t<li><strong>El enfoque Reggio Emilia<\/strong>: transformamos las aulas en aut\u00e9nticos ambientes de aprendizaje que inviten a los ni\u00f1os a interactuar con el entorno y descubrir sus posibilidades.<\/li>\r\n \t<li><strong>La teor\u00eda de Emmi Pikler:<\/strong> se favorece la libertad y autonom\u00eda de los movimientos.<\/li>\r\n<\/ul>","_et_gb_content_width":""},"_links":{"self":[{"href":"https:\/\/donmeliton.es\/escuela-infantil\/wp-json\/wp\/v2\/pages\/6"}],"collection":[{"href":"https:\/\/donmeliton.es\/escuela-infantil\/wp-json\/wp\/v2\/pages"}],"about":[{"href":"https:\/\/donmeliton.es\/escuela-infantil\/wp-json\/wp\/v2\/types\/page"}],"author":[{"embeddable":true,"href":"https:\/\/donmeliton.es\/escuela-infantil\/wp-json\/wp\/v2\/users\/1"}],"replies":[{"embeddable":true,"href":"https:\/\/donmeliton.es\/escuela-infantil\/wp-json\/wp\/v2\/comments?post=6"}],"version-history":[{"count":10,"href":"https:\/\/donmeliton.es\/escuela-infantil\/wp-json\/wp\/v2\/pages\/6\/revisions"}],"predecessor-version":[{"id":491,"href":"https:\/\/donmeliton.es\/escuela-infantil\/wp-json\/wp\/v2\/pages\/6\/revisions\/491"}],"wp:attachment":[{"href":"https:\/\/donmeliton.es\/escuela-infantil\/wp-json\/wp\/v2\/media?parent=6"}],"curies":[{"name":"wp","href":"https:\/\/api.w.org\/{rel}","templated":true}]}}