{"id":492,"date":"2017-06-15T10:27:54","date_gmt":"2017-06-15T10:27:54","guid":{"rendered":"https:\/\/donmeliton.es\/escuela-infantil\/?page_id=492"},"modified":"2017-06-21T09:36:19","modified_gmt":"2017-06-21T09:36:19","slug":"servicios","status":"publish","type":"page","link":"https:\/\/donmeliton.es\/escuela-infantil\/servicios\/","title":{"rendered":"Servicios"},"content":{"rendered":"<p>[et_pb_section bb_built=\u00bb1&#8243; admin_label=\u00bbsection\u00bb custom_padding=\u00bb30px|||\u00bb _builder_version=\u00bb3.0.51&#8243;][et_pb_row admin_label=\u00bbrow\u00bb allow_player_pause=\u00bboff\u00bb parallax=\u00bboff\u00bb parallax_method=\u00bbon\u00bb parallax_1=\u00bboff\u00bb parallax_method_1=\u00bboff\u00bb make_fullwidth=\u00bboff\u00bb use_custom_width=\u00bboff\u00bb width_unit=\u00bbon\u00bb use_custom_gutter=\u00bboff\u00bb make_equal=\u00bboff\u00bb custom_margin=\u00bb20px||0px|\u00bb custom_padding=\u00bb20px||0px|\u00bb background_position=\u00bbtop_left\u00bb background_repeat=\u00bbrepeat\u00bb background_size=\u00bbinitial\u00bb][et_pb_column type=\u00bb4_4&#8243;][et_pb_text admin_label=\u00bbTexto\u00bb background_layout=\u00bblight\u00bb text_orientation=\u00bbleft\u00bb border_style=\u00bbsolid\u00bb background_position=\u00bbtop_left\u00bb background_repeat=\u00bbrepeat\u00bb background_size=\u00bbinitial\u00bb _builder_version=\u00bb3.0.51&#8243;]<\/p>\n<h3 style=\"text-align: center;\"><strong>COMEDOR<\/strong><\/h3>\n<p>[\/et_pb_text][et_pb_divider admin_label=\u00bbSeparador\u00bb show_divider=\u00bbon\u00bb color=\u00bb#96bf0d\u00bb divider_style=\u00bbsolid\u00bb divider_position=\u00bbtop\u00bb hide_on_mobile=\u00bboff\u00bb divider_weight=\u00bb3&#8243; custom_css_main_element=\u00bbwidth:10%!important;||text-align: center;||margin: 0 auto;\u00bb saved_tabs=\u00bball\u00bb _builder_version=\u00bb3.0.51&#8243; \/][et_pb_text admin_label=\u00bbTexto\u00bb background_layout=\u00bblight\u00bb text_orientation=\u00bbleft\u00bb border_style=\u00bbsolid\u00bb background_position=\u00bbtop_left\u00bb background_repeat=\u00bbrepeat\u00bb background_size=\u00bbinitial\u00bb _builder_version=\u00bb3.0.51&#8243;]<\/p>\n<p style=\"text-align: justify;\">Todos sabemos la importancia de una buena alimentaci\u00f3n, sobre todo en los primeros a\u00f1os de vida, por ello todas las comidas son cuidadosamente preparadas en nuestra cocina, donde los men\u00fas est\u00e1n dise\u00f1ados por expertos en Diet\u00e9tica y Nutrici\u00f3n.<\/p>\n<p style=\"text-align: justify;\">Elegimos concienzudamente la calidad de los alimentos, cuidamos su elaboraci\u00f3n para que se consuman reci\u00e9n hechos y con todas sus propiedades.<\/p>\n<p style=\"text-align: justify;\">El c\u00f3mo ha comido cada ni\u00f1o y cualquier circunstancia relacionada con la comida, est\u00e1 inclu\u00edda en la informaci\u00f3n que diariamente se comunica a las familias. Todo el equipo educativo est\u00e1 formado en gesti\u00f3n de al\u00e9rgenos e higiene alimentaria.<\/p>\n<p style=\"text-align: justify;\">La comida es un acto importante en la jornada del ni\u00f1o. Comemos con calma, apoyados por educadores que se muestran cari\u00f1osos, orientan, ayudan y estimulan.<\/p>\n<p style=\"text-align: justify;\">Es una ocasi\u00f3n de intercambio con otros ni\u00f1os y la interiorizaci\u00f3n de diversos comportamientos sociales, al mismo tiempo que la adquisici\u00f3n de h\u00e1bitos.<\/p>\n<p>[\/et_pb_text][et_pb_text admin_label=\u00bbTexto\u00bb _builder_version=\u00bb3.0.51&#8243; background_layout=\u00bblight\u00bb text_orientation=\u00bbleft\u00bb border_style=\u00bbsolid\u00bb]<\/p>\n<h3 style=\"text-align: center;\">HORARIO<\/h3>\n<p style=\"text-align: justify;\">Contamos con un horario ampliado de lunes a viernes, distribu\u00eddo en varias franjas horarias para cubrir las necesidades de cada familia.<\/p>\n<p>[\/et_pb_text][et_pb_text admin_label=\u00bbTexto\u00bb _builder_version=\u00bb3.0.51&#8243; background_layout=\u00bblight\u00bb text_orientation=\u00bbleft\u00bb border_style=\u00bbsolid\u00bb]<\/p>\n<h3 style=\"text-align: center;\">DESCUENTOS Y AYUDAS<\/h3>\n<p style=\"text-align: justify;\">Con el fin de facilitar el abono de las mensualidades, se puede hacer efectivo el pago mediante los siguientes tickets o cheques guarder\u00eda: sodexo pass, Edenred Espa\u00f1a, Accor Services, \u00a0cheque gourmet.<\/p>\n<p style=\"text-align: justify;\">Todos nuestros centros est\u00e1n autorizados por la Comunidad de Madrid, las familias pueden solicitar el cheque guarder\u00eda.<\/p>\n<p>[\/et_pb_text][\/et_pb_column][\/et_pb_row][\/et_pb_section][et_pb_section bb_built=\u00bb1&#8243; admin_label=\u00bbsection\u00bb _builder_version=\u00bb3.0.51&#8243; background_color=\u00bb#96bf0d\u00bb custom_padding=\u00bb30px|||\u00bb][et_pb_row admin_label=\u00bbrow\u00bb allow_player_pause=\u00bboff\u00bb parallax=\u00bboff\u00bb parallax_method=\u00bbon\u00bb parallax_1=\u00bboff\u00bb parallax_method_1=\u00bboff\u00bb make_fullwidth=\u00bboff\u00bb use_custom_width=\u00bboff\u00bb width_unit=\u00bbon\u00bb use_custom_gutter=\u00bboff\u00bb make_equal=\u00bboff\u00bb custom_margin=\u00bb20px||0px|\u00bb custom_padding=\u00bb20px||0px|\u00bb background_position=\u00bbtop_left\u00bb background_repeat=\u00bbrepeat\u00bb background_size=\u00bbinitial\u00bb][et_pb_column type=\u00bb4_4&#8243;][et_pb_text admin_label=\u00bbTexto\u00bb background_layout=\u00bbdark\u00bb text_orientation=\u00bbleft\u00bb border_style=\u00bbsolid\u00bb background_position=\u00bbtop_left\u00bb background_repeat=\u00bbrepeat\u00bb background_size=\u00bbinitial\u00bb _builder_version=\u00bb3.0.51&#8243;]<\/p>\n<h3 style=\"text-align: center;\"><strong>COLEGIOS AMIGOS<\/strong><\/h3>\n<p>[\/et_pb_text][et_pb_divider admin_label=\u00bbSeparador\u00bb show_divider=\u00bbon\u00bb color=\u00bb#333333&#8243; divider_style=\u00bbsolid\u00bb divider_position=\u00bbtop\u00bb hide_on_mobile=\u00bboff\u00bb divider_weight=\u00bb3&#8243; custom_css_main_element=\u00bbwidth:10%!important;||text-align: center;||margin: 0 auto;\u00bb saved_tabs=\u00bball\u00bb _builder_version=\u00bb3.0.51&#8243; \/][et_pb_text admin_label=\u00bbTexto\u00bb background_layout=\u00bbdark\u00bb text_orientation=\u00bbleft\u00bb border_style=\u00bbsolid\u00bb background_position=\u00bbtop_left\u00bb background_repeat=\u00bbrepeat\u00bb background_size=\u00bbinitial\u00bb _builder_version=\u00bb3.0.51&#8243;]<\/p>\n<p style=\"text-align: justify;\">Algunos de nuestros centros tienen acuerdos con colegios concertados, para facilitar el acceso a los mismos (consultar)<\/p>\n<p>[\/et_pb_text][\/et_pb_column][\/et_pb_row][\/et_pb_section][et_pb_section bb_built=\u00bb1&#8243; admin_label=\u00bbsection\u00bb transparent_background=\u00bboff\u00bb allow_player_pause=\u00bboff\u00bb inner_shadow=\u00bboff\u00bb parallax=\u00bboff\u00bb parallax_method=\u00bbon\u00bb make_fullwidth=\u00bboff\u00bb use_custom_width=\u00bboff\u00bb width_unit=\u00bbon\u00bb make_equal=\u00bboff\u00bb use_custom_gutter=\u00bboff\u00bb custom_padding=\u00bb30px||20px|\u00bb][et_pb_row admin_label=\u00bbrow\u00bb allow_player_pause=\u00bboff\u00bb parallax=\u00bboff\u00bb parallax_method=\u00bbon\u00bb parallax_1=\u00bboff\u00bb parallax_method_1=\u00bboff\u00bb make_fullwidth=\u00bboff\u00bb use_custom_width=\u00bboff\u00bb width_unit=\u00bbon\u00bb use_custom_gutter=\u00bboff\u00bb make_equal=\u00bboff\u00bb custom_margin=\u00bb20px||0px|\u00bb custom_padding=\u00bb20px||0px|\u00bb background_position=\u00bbtop_left\u00bb background_repeat=\u00bbrepeat\u00bb background_size=\u00bbinitial\u00bb][et_pb_column type=\u00bb4_4&#8243;][et_pb_text admin_label=\u00bbTexto\u00bb background_layout=\u00bblight\u00bb text_orientation=\u00bbleft\u00bb border_style=\u00bbsolid\u00bb background_position=\u00bbtop_left\u00bb background_repeat=\u00bbrepeat\u00bb background_size=\u00bbinitial\u00bb _builder_version=\u00bb3.0.51&#8243;]<\/p>\n<h3 style=\"text-align: center;\"><strong>ESCUELA DE VERANO Y D\u00cdAS SIN COLE<\/strong><\/h3>\n<p>[\/et_pb_text][et_pb_divider admin_label=\u00bbSeparador\u00bb show_divider=\u00bbon\u00bb color=\u00bb#96bf0d\u00bb divider_style=\u00bbsolid\u00bb divider_position=\u00bbtop\u00bb hide_on_mobile=\u00bboff\u00bb divider_weight=\u00bb3&#8243; custom_css_main_element=\u00bbwidth:10%!important;||text-align: center;||margin: 0 auto;\u00bb saved_tabs=\u00bball\u00bb _builder_version=\u00bb3.0.51&#8243; \/][et_pb_text admin_label=\u00bbTexto\u00bb background_layout=\u00bblight\u00bb text_orientation=\u00bbleft\u00bb border_style=\u00bbsolid\u00bb background_position=\u00bbtop_left\u00bb background_repeat=\u00bbrepeat\u00bb background_size=\u00bbinitial\u00bb _builder_version=\u00bb3.0.51&#8243;]<\/p>\n<p style=\"text-align: justify;\">Durante periodos vacacionales se organizan talleres dirigidos a todos los ni\u00f1os que est\u00e1n en el segundo ciclo de educaci\u00f3n infantil.<\/p>\n<p>[\/et_pb_text][\/et_pb_column][\/et_pb_row][\/et_pb_section]<\/p>\n","protected":false},"excerpt":{"rendered":"<p>COMEDOR Todos sabemos la importancia de una buena&#8230;<\/p>\n","protected":false},"author":1,"featured_media":0,"parent":0,"menu_order":0,"comment_status":"closed","ping_status":"closed","template":"template-page.php","meta":{"_et_pb_use_builder":"on","_et_pb_old_content":"","_et_gb_content_width":""},"_links":{"self":[{"href":"https:\/\/donmeliton.es\/escuela-infantil\/wp-json\/wp\/v2\/pages\/492"}],"collection":[{"href":"https:\/\/donmeliton.es\/escuela-infantil\/wp-json\/wp\/v2\/pages"}],"about":[{"href":"https:\/\/donmeliton.es\/escuela-infantil\/wp-json\/wp\/v2\/types\/page"}],"author":[{"embeddable":true,"href":"https:\/\/donmeliton.es\/escuela-infantil\/wp-json\/wp\/v2\/users\/1"}],"replies":[{"embeddable":true,"href":"https:\/\/donmeliton.es\/escuela-infantil\/wp-json\/wp\/v2\/comments?post=492"}],"version-history":[{"count":13,"href":"https:\/\/donmeliton.es\/escuela-infantil\/wp-json\/wp\/v2\/pages\/492\/revisions"}],"predecessor-version":[{"id":524,"href":"https:\/\/donmeliton.es\/escuela-infantil\/wp-json\/wp\/v2\/pages\/492\/revisions\/524"}],"wp:attachment":[{"href":"https:\/\/donmeliton.es\/escuela-infantil\/wp-json\/wp\/v2\/media?parent=492"}],"curies":[{"name":"wp","href":"https:\/\/api.w.org\/{rel}","templated":true}]}}