{"id":19,"date":"2017-05-25T11:09:08","date_gmt":"2017-05-25T11:09:08","guid":{"rendered":"https:\/\/donmeliton.es\/escuela-infantil\/?page_id=19"},"modified":"2017-06-22T06:45:41","modified_gmt":"2017-06-22T06:45:41","slug":"proyectos","status":"publish","type":"page","link":"https:\/\/donmeliton.es\/escuela-infantil\/proyectos\/","title":{"rendered":"Proyectos"},"content":{"rendered":"<p>[et_pb_section bb_built=\u00bb1&#8243; admin_label=\u00bbsection\u00bb transparent_background=\u00bboff\u00bb allow_player_pause=\u00bboff\u00bb inner_shadow=\u00bboff\u00bb parallax=\u00bboff\u00bb parallax_method=\u00bbon\u00bb make_fullwidth=\u00bboff\u00bb use_custom_width=\u00bboff\u00bb width_unit=\u00bbon\u00bb make_equal=\u00bboff\u00bb use_custom_gutter=\u00bboff\u00bb custom_padding=\u00bb30px||20px|\u00bb][et_pb_row admin_label=\u00bbrow\u00bb allow_player_pause=\u00bboff\u00bb parallax=\u00bboff\u00bb parallax_method=\u00bbon\u00bb parallax_1=\u00bboff\u00bb parallax_method_1=\u00bboff\u00bb make_fullwidth=\u00bboff\u00bb use_custom_width=\u00bboff\u00bb width_unit=\u00bbon\u00bb use_custom_gutter=\u00bboff\u00bb make_equal=\u00bboff\u00bb custom_margin=\u00bb20px||0px|\u00bb custom_padding=\u00bb20px|10px|50px|10px\u00bb background_position=\u00bbtop_left\u00bb background_repeat=\u00bbrepeat\u00bb background_size=\u00bbinitial\u00bb][et_pb_column type=\u00bb4_4&#8243;][et_pb_text admin_label=\u00bbTexto\u00bb background_layout=\u00bblight\u00bb text_orientation=\u00bbleft\u00bb use_border_color=\u00bboff\u00bb border_color=\u00bb#ffffff\u00bb border_style=\u00bbsolid\u00bb background_position=\u00bbtop_left\u00bb background_repeat=\u00bbrepeat\u00bb background_size=\u00bbinitial\u00bb]<\/p>\n<h3 style=\"text-align: center;\"><strong>CREATIVIDAD E INNOVACI\u00d3N<\/strong><\/h3>\n<p>[\/et_pb_text][et_pb_divider admin_label=\u00bbSeparador\u00bb show_divider=\u00bbon\u00bb color=\u00bb#96bf0d\u00bb divider_style=\u00bbsolid\u00bb divider_position=\u00bbtop\u00bb hide_on_mobile=\u00bboff\u00bb divider_weight=\u00bb3&#8243; custom_css_main_element=\u00bbwidth:10%!important;||text-align: center;||margin: 0 auto;\u00bb saved_tabs=\u00bball\u00bb \/][et_pb_text admin_label=\u00bbTexto\u00bb background_layout=\u00bblight\u00bb text_orientation=\u00bbleft\u00bb border_style=\u00bbsolid\u00bb background_position=\u00bbtop_left\u00bb background_repeat=\u00bbrepeat\u00bb background_size=\u00bbinitial\u00bb _builder_version=\u00bb3.0.51&#8243;]<\/p>\n<p style=\"text-align: justify;\">El proyecto educativo de las escuelas Don Melit\u00f3n es propio. Aprendemos desde la investigaci\u00f3n y buscamos herramientas y soluciones, ideas creativas y l\u00fadicas, viviendo cada detalle del proceso como desarrollo y maduraci\u00f3n.<\/p>\n<p style=\"text-align: justify;\">Utilizamos estrategias y metodolog\u00edas partiendo del trabajo basado en proyectos, la manera natural en la que aprenden los ni\u00f1os, teniendo en cuenta sus necesidades e intereses.<\/p>\n<p style=\"text-align: justify;\">Fomentamos el valor art\u00edstico y la capacidad del ni\u00f1o para crear y desarrollar.<\/p>\n<p style=\"text-align: justify;\">Suministramos entornos estimulantes, lleno de impulsos, de deseos, dejando espacio para el asombro, donde el ni\u00f1o ser\u00e1 el que construya y despliegue su potencial.<\/p>\n<p style=\"text-align: justify;\">Proyectos y talleres realizados:<\/p>\n<p style=\"text-align: justify;\">La vida en un castillo<\/p>\n<p style=\"text-align: justify;\">Un paseo por la luna<\/p>\n<p style=\"text-align: justify;\">Surcando los mares del sur<\/p>\n<p style=\"text-align: justify;\">Una mirada al Oeste<\/p>\n<p style=\"text-align: justify;\">El sonido del oto\u00f1o<\/p>\n<p style=\"text-align: justify;\">EmocionArte<\/p>\n<p style=\"text-align: justify;\">CreAndo<\/p>\n<p style=\"text-align: justify;\">Chiquitectos<\/p>\n<p>[\/et_pb_text][\/et_pb_column][\/et_pb_row][\/et_pb_section][et_pb_section bb_built=\u00bb1&#8243; admin_label=\u00bbsection\u00bb custom_padding=\u00bb30px||20px|\u00bb _builder_version=\u00bb3.0.49&#8243;][et_pb_row admin_label=\u00bbrow\u00bb allow_player_pause=\u00bboff\u00bb parallax=\u00bboff\u00bb parallax_method=\u00bbon\u00bb parallax_1=\u00bboff\u00bb parallax_method_1=\u00bboff\u00bb make_fullwidth=\u00bboff\u00bb use_custom_width=\u00bboff\u00bb width_unit=\u00bbon\u00bb use_custom_gutter=\u00bboff\u00bb make_equal=\u00bboff\u00bb custom_margin=\u00bb20px||0px|\u00bb custom_padding=\u00bb20px||50px|\u00bb background_position=\u00bbtop_left\u00bb background_repeat=\u00bbrepeat\u00bb background_size=\u00bbinitial\u00bb][et_pb_column type=\u00bb4_4&#8243;][et_pb_text admin_label=\u00bbTexto\u00bb background_layout=\u00bblight\u00bb text_orientation=\u00bbleft\u00bb border_style=\u00bbsolid\u00bb background_position=\u00bbtop_left\u00bb background_repeat=\u00bbrepeat\u00bb background_size=\u00bbinitial\u00bb _builder_version=\u00bb3.0.49&#8243;]<\/p>\n<h3 style=\"text-align: center;\"><strong>INGL\u00c9S<\/strong><\/h3>\n<p>[\/et_pb_text][et_pb_divider admin_label=\u00bbSeparador\u00bb show_divider=\u00bbon\u00bb color=\u00bb#96bf0d\u00bb divider_style=\u00bbsolid\u00bb divider_position=\u00bbtop\u00bb hide_on_mobile=\u00bboff\u00bb divider_weight=\u00bb3&#8243; custom_css_main_element=\u00bbwidth:10%!important;||text-align: center;||margin: 0 auto;\u00bb saved_tabs=\u00bball\u00bb _builder_version=\u00bb3.0.51&#8243; \/][et_pb_text admin_label=\u00bbTexto\u00bb background_layout=\u00bblight\u00bb text_orientation=\u00bbleft\u00bb border_style=\u00bbsolid\u00bb background_position=\u00bbtop_left\u00bb background_repeat=\u00bbrepeat\u00bb background_size=\u00bbinitial\u00bb _builder_version=\u00bb3.0.49&#8243;]<\/p>\n<p style=\"text-align: justify;\">Creemos en la necesidad de que los ni\u00f1os escuchen, jueguen, canten, participen\u2026cultivamos tambi\u00e9n el aprendizaje l\u00fadico en ingl\u00e9s.<\/p>\n<p style=\"text-align: justify;\">Contamos con personal en exclusiva para \u00e9ste \u00e1rea.<\/p>\n<p>[\/et_pb_text][\/et_pb_column][\/et_pb_row][\/et_pb_section]<\/p>\n","protected":false},"excerpt":{"rendered":"<p>CREATIVIDAD E INNOVACI\u00d3N El proyecto educativo de las&#8230;<\/p>\n","protected":false},"author":1,"featured_media":0,"parent":0,"menu_order":0,"comment_status":"closed","ping_status":"closed","template":"template-page.php","meta":{"_et_pb_use_builder":"on","_et_pb_old_content":"<h4><em><strong>Creatividad e Innovaci\u00f3n<\/strong> <\/em><\/h4><p>El proyecto educativo de las escuelas Don Melit\u00f3n es propio. Aprendemos desde la investigaci\u00f3n y buscamos herramientas y soluciones, ideas creativas y l\u00fadicas, viviendo cada detalle del proceso como desarrollo y maduraci\u00f3n.<\/p><p>Utilizamos estrategias y metodolog\u00edas partiendo del trabajo basado en proyectos, la manera natural en la que aprenden los ni\u00f1os, teniendo en cuenta sus necesidades e intereses.<\/p><p>Fomentamos el valor art\u00edstico y la capacidad del ni\u00f1o para crear y desarrollar.<\/p><p>Suministramos entornos estimulantes, lleno de impulsos, de deseos, dejando espacio para el asombro, donde el ni\u00f1o ser\u00e1 el que construya y despliegue su potencial.<\/p><p><em>Proyectos y talleres realizados:<\/em><\/p><ul><li>La vida en un castillo<\/li><li>Un paseo por la luna<\/li><li>Surcando los mares del sur<\/li><li>Una mirada al Oeste<\/li><li>El sonido del oto\u00f1o<\/li><li>EmocionArte<\/li><li>CreAndo<\/li><li>Chiquitectos<\/li><\/ul><p><strong>INGL\u00c9S<\/strong><\/p><p>Creemos en la necesidad de que los ni\u00f1os escuchen, jueguen, canten, participen...cultivamos tambi\u00e9n el aprendizaje l\u00fadico en ingl\u00e9s.<\/p><p>Contamos con personal en exclusiva para este \u00e1rea.<\/p><p><strong>COMIDA<\/strong><\/p><p>La comida es un acto importante en la jornada del ni\u00f1o. Comemos con calma, apoyados por educadores que se muestran cari\u00f1osos, orientan. ayudan y estimulan.<\/p><p>La comida es una ocasi\u00f3n de intercambio con otros ni\u00f1os y la interiorizaci\u00f3n de diversos comportamientos sociales, al mismo tiempo que la adquisici\u00f3n de h\u00e1bitos.<\/p><p>Disponemos de cocina propia. Los men\u00fas (expresamente dise\u00f1ados por personal cualificado), el c\u00f3mo ha comido cada ni\u00f1o y cualquier circunstancia relacionada con la comida, est\u00e1 inclu\u00edda en la informaci\u00f3n que diariamente se comunica a las familias.Todo el equipo educativo est\u00e1 formado en gesti\u00f3n de al\u00e9rgenos e higiene alimentaria.<\/p><p>Tenemos cocina propia.<\/p>","_et_gb_content_width":""},"_links":{"self":[{"href":"https:\/\/donmeliton.es\/escuela-infantil\/wp-json\/wp\/v2\/pages\/19"}],"collection":[{"href":"https:\/\/donmeliton.es\/escuela-infantil\/wp-json\/wp\/v2\/pages"}],"about":[{"href":"https:\/\/donmeliton.es\/escuela-infantil\/wp-json\/wp\/v2\/types\/page"}],"author":[{"embeddable":true,"href":"https:\/\/donmeliton.es\/escuela-infantil\/wp-json\/wp\/v2\/users\/1"}],"replies":[{"embeddable":true,"href":"https:\/\/donmeliton.es\/escuela-infantil\/wp-json\/wp\/v2\/comments?post=19"}],"version-history":[{"count":22,"href":"https:\/\/donmeliton.es\/escuela-infantil\/wp-json\/wp\/v2\/pages\/19\/revisions"}],"predecessor-version":[{"id":531,"href":"https:\/\/donmeliton.es\/escuela-infantil\/wp-json\/wp\/v2\/pages\/19\/revisions\/531"}],"wp:attachment":[{"href":"https:\/\/donmeliton.es\/escuela-infantil\/wp-json\/wp\/v2\/media?parent=19"}],"curies":[{"name":"wp","href":"https:\/\/api.w.org\/{rel}","templated":true}]}}