{"id":177,"date":"2017-05-25T14:50:05","date_gmt":"2017-05-25T14:50:05","guid":{"rendered":"https:\/\/donmeliton.es\/escuela-infantil\/?page_id=177"},"modified":"2021-06-07T17:46:55","modified_gmt":"2021-06-07T17:46:55","slug":"contacto","status":"publish","type":"page","link":"https:\/\/donmeliton.es\/escuela-infantil\/contacto\/","title":{"rendered":"Contacto"},"content":{"rendered":"<p>[et_pb_section fb_built=\u00bb1&#8243; transparent_background_fb=\u00bboff\u00bb transparent_background=\u00bboff\u00bb custom_padding=\u00bb30px||20px|\u00bb admin_label=\u00bbsection\u00bb _builder_version=\u00bb3.0.47&#8243;][et_pb_row custom_padding=\u00bb20px||0px|\u00bb custom_margin=\u00bb20px||0px|\u00bb parallax_method_1=\u00bboff\u00bb admin_label=\u00bbrow\u00bb _builder_version=\u00bb3.0.47&#8243; background_size=\u00bbinitial\u00bb background_position=\u00bbtop_left\u00bb background_repeat=\u00bbrepeat\u00bb][et_pb_column type=\u00bb4_4&#8243; _builder_version=\u00bb3.0.47&#8243; parallax=\u00bboff\u00bb parallax_method=\u00bboff\u00bb][et_pb_text admin_label=\u00bbTexto\u00bb _builder_version=\u00bb3.0.47&#8243; background_size=\u00bbinitial\u00bb background_position=\u00bbtop_left\u00bb background_repeat=\u00bbrepeat\u00bb]<\/p>\n<h3 style=\"text-align: center;\"><strong>CU\u00c9NTANOS<\/strong><\/h3>\n<p>[\/et_pb_text][et_pb_divider color=\u00bb#96bf0d\u00bb show_divider=\u00bbon\u00bb divider_style=\u00bbsolid\u00bb divider_position=\u00bbtop\u00bb divider_weight=\u00bb3&#8243; hide_on_mobile=\u00bboff\u00bb admin_label=\u00bbSeparador\u00bb _builder_version=\u00bb3.0.47&#8243; custom_css_main_element=\u00bbwidth:10%!important;||text-align: center;||margin: 0 auto;\u00bb saved_tabs=\u00bball\u00bb][\/et_pb_divider][\/et_pb_column][\/et_pb_row][\/et_pb_section][et_pb_section fb_built=\u00bb1&#8243; transparent_background_fb=\u00bboff\u00bb transparent_background=\u00bboff\u00bb custom_padding=\u00bb0px||30px|\u00bb admin_label=\u00bbsection\u00bb _builder_version=\u00bb3.0.47&#8243;][et_pb_row custom_padding=\u00bb|10px||10px\u00bb parallax_method_1=\u00bboff\u00bb parallax_method_2=\u00bboff\u00bb admin_label=\u00bbrow\u00bb _builder_version=\u00bb3.0.47&#8243; background_size=\u00bbinitial\u00bb background_position=\u00bbtop_left\u00bb background_repeat=\u00bbrepeat\u00bb][et_pb_column type=\u00bb1_2&#8243; _builder_version=\u00bb3.0.47&#8243; parallax=\u00bboff\u00bb parallax_method=\u00bboff\u00bb][et_pb_image src=\u00bbhttps:\/\/donmeliton.es\/escuela-infantil\/wp-content\/uploads\/2017\/05\/don-meliton-logo.png\u00bb animation=\u00bbtop\u00bb align=\u00bbcenter\u00bb admin_label=\u00bbImagen\u00bb _builder_version=\u00bb3.0.47&#8243;][\/et_pb_image][et_pb_text admin_label=\u00bbTexto\u00bb _builder_version=\u00bb3.0.47&#8243; background_size=\u00bbinitial\u00bb background_position=\u00bbtop_left\u00bb background_repeat=\u00bbrepeat\u00bb]<\/p>\n<p style=\"text-align: justify;\">Si tienes alguna consulta que realizarnos, puedes utilizar nuestros tel\u00e9fonos de contacto, nuestra direcci\u00f3n de correo electr\u00f3nico o escribirnos a trav\u00e9s de nuestro formulario y nos pondremos en contacto contigo en breve.<\/p>\n<p>[\/et_pb_text][et_pb_blurb title=\u00bbTel\u00e9fonos de contacto\u00bb use_icon=\u00bbon\u00bb font_icon=\u00bb%%104%%\u00bb icon_color=\u00bb#96bf0d\u00bb icon_placement=\u00bbleft\u00bb admin_label=\u00bbAnuncio\u00bb _builder_version=\u00bb3.0.47&#8243; header_font_size=\u00bb28&#8243; background_size=\u00bbinitial\u00bb background_position=\u00bbtop_left\u00bb background_repeat=\u00bbrepeat\u00bb custom_margin=\u00bb50px||50px|\u00bb] 660006640 \/ 645689429 [\/et_pb_blurb][et_pb_blurb title=\u00bbCorreo electr\u00f3nico\u00bb use_icon=\u00bbon\u00bb font_icon=\u00bb%%109%%\u00bb icon_color=\u00bb#96bf0d\u00bb icon_placement=\u00bbleft\u00bb admin_label=\u00bbAnuncio\u00bb _builder_version=\u00bb3.0.47&#8243; header_font_size=\u00bb28&#8243; background_size=\u00bbinitial\u00bb background_position=\u00bbtop_left\u00bb background_repeat=\u00bbrepeat\u00bb custom_margin=\u00bb50px||50px|\u00bb] donmelitonescuela@gmail.com [\/et_pb_blurb][\/et_pb_column][et_pb_column type=\u00bb1_2&#8243; _builder_version=\u00bb3.0.47&#8243; parallax=\u00bboff\u00bb parallax_method=\u00bboff\u00bb][et_pb_text admin_label=\u00bbTexto\u00bb module_class=\u00bbpagina-contacto\u00bb _builder_version=\u00bb3.0.47&#8243; background_size=\u00bbinitial\u00bb background_position=\u00bbtop_left\u00bb background_repeat=\u00bbrepeat\u00bb] <script type=\"text\/javascript\">var gform;gform||(document.addEventListener(\"gform_main_scripts_loaded\",function(){gform.scriptsLoaded=!0}),window.addEventListener(\"DOMContentLoaded\",function(){gform.domLoaded=!0}),gform={domLoaded:!1,scriptsLoaded:!1,initializeOnLoaded:function(o){gform.domLoaded&&gform.scriptsLoaded?o():!gform.domLoaded&&gform.scriptsLoaded?window.addEventListener(\"DOMContentLoaded\",o):document.addEventListener(\"gform_main_scripts_loaded\",o)},hooks:{action:{},filter:{}},addAction:function(o,n,r,t){gform.addHook(\"action\",o,n,r,t)},addFilter:function(o,n,r,t){gform.addHook(\"filter\",o,n,r,t)},doAction:function(o){gform.doHook(\"action\",o,arguments)},applyFilters:function(o){return gform.doHook(\"filter\",o,arguments)},removeAction:function(o,n){gform.removeHook(\"action\",o,n)},removeFilter:function(o,n,r){gform.removeHook(\"filter\",o,n,r)},addHook:function(o,n,r,t,i){null==gform.hooks[o][n]&&(gform.hooks[o][n]=[]);var e=gform.hooks[o][n];null==i&&(i=n+\"_\"+e.length),gform.hooks[o][n].push({tag:i,callable:r,priority:t=null==t?10:t})},doHook:function(n,o,r){var t;if(r=Array.prototype.slice.call(r,1),null!=gform.hooks[n][o]&&((o=gform.hooks[n][o]).sort(function(o,n){return o.priority-n.priority}),o.forEach(function(o){\"function\"!=typeof(t=o.callable)&&(t=window[t]),\"action\"==n?t.apply(null,r):r[0]=t.apply(null,r)})),\"filter\"==n)return r[0]},removeHook:function(o,n,t,i){var r;null!=gform.hooks[o][n]&&(r=(r=gform.hooks[o][n]).filter(function(o,n,r){return!!(null!=i&&i!=o.tag||null!=t&&t!=o.priority)}),gform.hooks[o][n]=r)}});<\/script>\n                <div class='gf_browser_gecko gform_wrapper gform_legacy_markup_wrapper gform-theme--no-framework' data-form-theme='legacy' data-form-index='0' id='gform_wrapper_1' ><div id='gf_1' class='gform_anchor' tabindex='-1'><\/div><form method='post' enctype='multipart\/form-data' target='gform_ajax_frame_1' id='gform_1'  action='\/escuela-infantil\/wp-json\/wp\/v2\/pages\/177#gf_1' data-formid='1' >\n                        <div class='gform-body gform_body'><ul id='gform_fields_1' class='gform_fields top_label form_sublabel_below description_below'><li id=\"field_1_1\"  class=\"gfield gfield--type-text gfield_contains_required field_sublabel_below gfield--no-description field_description_below gfield_visibility_visible\"  data-js-reload=\"field_1_1\"><label class='gfield_label gform-field-label' for='input_1_1' >Nombre<span class=\"gfield_required\"><span class=\"gfield_required gfield_required_asterisk\">*<\/span><\/span><\/label><div class='ginput_container ginput_container_text'><input name='input_1' id='input_1_1' type='text' value='' class='large'     aria-required=\"true\" aria-invalid=\"false\"   \/> <\/div><\/li><li id=\"field_1_4\"  class=\"gfield gfield--type-email gf_left_half gfield_contains_required field_sublabel_below gfield--no-description field_description_below gfield_visibility_visible\"  data-js-reload=\"field_1_4\"><label class='gfield_label gform-field-label' for='input_1_4' >Email<span class=\"gfield_required\"><span class=\"gfield_required gfield_required_asterisk\">*<\/span><\/span><\/label><div class='ginput_container ginput_container_email'>\n                            <input name='input_4' id='input_1_4' type='text' value='' class='large'    aria-required=\"true\" aria-invalid=\"false\"  \/>\n                        <\/div><\/li><li id=\"field_1_5\"  class=\"gfield gfield--type-phone gf_right_half field_sublabel_below gfield--no-description field_description_below gfield_visibility_visible\"  data-js-reload=\"field_1_5\"><label class='gfield_label gform-field-label' for='input_1_5' >Tel\u00e9fono<\/label><div class='ginput_container ginput_container_phone'><input name='input_5' id='input_1_5' type='text' value='' class='large'    aria-invalid=\"false\"   \/><\/div><\/li><li id=\"field_1_2\"  class=\"gfield gfield--type-text gfield_contains_required field_sublabel_below gfield--no-description field_description_below gfield_visibility_visible\"  data-js-reload=\"field_1_2\"><label class='gfield_label gform-field-label' for='input_1_2' >Asunto<span class=\"gfield_required\"><span class=\"gfield_required gfield_required_asterisk\">*<\/span><\/span><\/label><div class='ginput_container ginput_container_text'><input name='input_2' id='input_1_2' type='text' value='' class='large'     aria-required=\"true\" aria-invalid=\"false\"   \/> <\/div><\/li><li id=\"field_1_3\"  class=\"gfield gfield--type-textarea gfield_contains_required field_sublabel_below gfield--no-description field_description_below gfield_visibility_visible\"  data-js-reload=\"field_1_3\"><label class='gfield_label gform-field-label' for='input_1_3' >Mensaje<span class=\"gfield_required\"><span class=\"gfield_required gfield_required_asterisk\">*<\/span><\/span><\/label><div class='ginput_container ginput_container_textarea'><textarea name='input_3' id='input_1_3' class='textarea medium'     aria-required=\"true\" aria-invalid=\"false\"   rows='10' cols='50'><\/textarea><\/div><\/li><\/ul><\/div>\n        <div class='gform_footer top_label'> <input type='submit' id='gform_submit_button_1' class='gform_button button' value='Enviar'  onclick='if(window[\"gf_submitting_1\"]){return false;}  window[\"gf_submitting_1\"]=true;  ' onkeypress='if( event.keyCode == 13 ){ if(window[\"gf_submitting_1\"]){return false;} window[\"gf_submitting_1\"]=true;  jQuery(\"#gform_1\").trigger(\"submit\",[true]); }' \/> <input type='hidden' name='gform_ajax' value='form_id=1&amp;title=&amp;description=&amp;tabindex=0&amp;theme=data-form-theme=&#039;legacy&#039;' \/>\n            <input type='hidden' class='gform_hidden' name='is_submit_1' value='1' \/>\n            <input type='hidden' class='gform_hidden' name='gform_submit' value='1' \/>\n            \n            <input type='hidden' class='gform_hidden' name='gform_unique_id' value='' \/>\n            <input type='hidden' class='gform_hidden' name='state_1' value='WyJbXSIsIjNjMWIwN2RlYTY4NTAwMTQ1MDIwYzk0ODRlYTVhYzY3Il0=' \/>\n            <input type='hidden' class='gform_hidden' name='gform_target_page_number_1' id='gform_target_page_number_1' value='0' \/>\n            <input type='hidden' class='gform_hidden' name='gform_source_page_number_1' id='gform_source_page_number_1' value='1' \/>\n            <input type='hidden' name='gform_field_values' value='' \/>\n            \n        <\/div>\n                        <\/form>\n                        <\/div>\n\t\t                <iframe style='display:none;width:0px;height:0px;' src='about:blank' name='gform_ajax_frame_1' id='gform_ajax_frame_1' title='Este iframe contiene la l\u00f3gica necesaria para gestionar formularios con ajax activado.'><\/iframe>\n\t\t                <script type=\"text\/javascript\">\ngform.initializeOnLoaded( function() {gformInitSpinner( 1, 'https:\/\/donmeliton.es\/escuela-infantil\/wp-content\/plugins\/gravityforms\/images\/spinner.svg', true );jQuery('#gform_ajax_frame_1').on('load',function(){var contents = jQuery(this).contents().find('*').html();var is_postback = contents.indexOf('GF_AJAX_POSTBACK') >= 0;if(!is_postback){return;}var form_content = jQuery(this).contents().find('#gform_wrapper_1');var is_confirmation = jQuery(this).contents().find('#gform_confirmation_wrapper_1').length > 0;var is_redirect = contents.indexOf('gformRedirect(){') >= 0;var is_form = form_content.length > 0 && ! is_redirect && ! is_confirmation;var mt = parseInt(jQuery('html').css('margin-top'), 10) + parseInt(jQuery('body').css('margin-top'), 10) + 100;if(is_form){jQuery('#gform_wrapper_1').html(form_content.html());if(form_content.hasClass('gform_validation_error')){jQuery('#gform_wrapper_1').addClass('gform_validation_error');} else {jQuery('#gform_wrapper_1').removeClass('gform_validation_error');}setTimeout( function() { \/* delay the scroll by 50 milliseconds to fix a bug in chrome *\/ jQuery(document).scrollTop(jQuery('#gform_wrapper_1').offset().top - mt); }, 50 );if(window['gformInitDatepicker']) {gformInitDatepicker();}if(window['gformInitPriceFields']) {gformInitPriceFields();}var current_page = jQuery('#gform_source_page_number_1').val();gformInitSpinner( 1, 'https:\/\/donmeliton.es\/escuela-infantil\/wp-content\/plugins\/gravityforms\/images\/spinner.svg', true );jQuery(document).trigger('gform_page_loaded', [1, current_page]);window['gf_submitting_1'] = false;}else if(!is_redirect){var confirmation_content = jQuery(this).contents().find('.GF_AJAX_POSTBACK').html();if(!confirmation_content){confirmation_content = contents;}setTimeout(function(){jQuery('#gform_wrapper_1').replaceWith(confirmation_content);jQuery(document).scrollTop(jQuery('#gf_1').offset().top - mt);jQuery(document).trigger('gform_confirmation_loaded', [1]);window['gf_submitting_1'] = false;wp.a11y.speak(jQuery('#gform_confirmation_message_1').text());}, 50);}else{jQuery('#gform_1').append(contents);if(window['gformRedirect']) {gformRedirect();}}jQuery(document).trigger('gform_post_render', [1, current_page]);gform.utils.trigger({ event: 'gform\/postRender', native: false, data: { formId: 1, currentPage: current_page } });} );} );\n<\/script>\n [\/et_pb_text][\/et_pb_column][\/et_pb_row][\/et_pb_section][et_pb_section fb_built=\u00bb1&#8243; transparent_background_fb=\u00bboff\u00bb background_color=\u00bb#f2f2f2&#8243; transparent_background=\u00bboff\u00bb custom_padding=\u00bb30px||0px|\u00bb admin_label=\u00bbSecci\u00f3n\u00bb _builder_version=\u00bb3.0.47&#8243;][et_pb_row parallax_method_1=\u00bboff\u00bb parallax_method_2=\u00bboff\u00bb parallax_method_3=\u00bboff\u00bb parallax_method_4=\u00bboff\u00bb background_position_1=\u00bbtop_left\u00bb background_position_2=\u00bbtop_left\u00bb background_position_3=\u00bbtop_left\u00bb background_repeat_1=\u00bbno-repeat\u00bb background_repeat_2=\u00bbno-repeat\u00bb background_repeat_3=\u00bbno-repeat\u00bb disabled_on=\u00bbon|on|off\u00bb admin_label=\u00bbFila\u00bb custom_padding_last_edited=\u00bboff|phone\u00bb _builder_version=\u00bb3.0.49&#8243; background_size=\u00bbinitial\u00bb background_position=\u00bbtop_left\u00bb background_repeat=\u00bbrepeat\u00bb][et_pb_column type=\u00bb1_3&#8243; _builder_version=\u00bb3.0.47&#8243; parallax=\u00bboff\u00bb parallax_method=\u00bboff\u00bb background_position=\u00bbtop_left\u00bb background_repeat=\u00bbno-repeat\u00bb][\/et_pb_column][et_pb_column type=\u00bb1_3&#8243; _builder_version=\u00bb3.0.47&#8243; parallax=\u00bboff\u00bb parallax_method=\u00bboff\u00bb background_position=\u00bbtop_left\u00bb background_repeat=\u00bbno-repeat\u00bb][et_pb_blurb title=\u00bbPAU de Carabanchel\u00bb use_icon=\u00bbon\u00bb font_icon=\u00bb%%124%%\u00bb icon_color=\u00bb#96bf0d\u00bb icon_placement=\u00bbleft\u00bb admin_label=\u00bbAnuncio\u00bb _builder_version=\u00bb3.0.49&#8243; header_font_size=\u00bb26&#8243; body_line_height=\u00bb1em\u00bb background_size=\u00bbinitial\u00bb background_position=\u00bbtop_left\u00bb background_repeat=\u00bbrepeat\u00bb]<\/p>\n<p style=\"text-align: left;\">C\/ peso hispano, chalet 42<\/p>\n<p style=\"text-align: left;\">28054 Madrid<\/p>\n<p style=\"text-align: left;\">915112513<\/p>\n<p>[\/et_pb_blurb][\/et_pb_column][et_pb_column type=\u00bb1_3&#8243; _builder_version=\u00bb3.0.47&#8243; parallax=\u00bboff\u00bb parallax_method=\u00bboff\u00bb background_position=\u00bbtop_left\u00bb background_repeat=\u00bbno-repeat\u00bb][\/et_pb_column][\/et_pb_row][et_pb_row make_fullwidth=\u00bbon\u00bb parallax_method_1=\u00bboff\u00bb parallax_method_2=\u00bboff\u00bb parallax_method_3=\u00bboff\u00bb parallax_method_4=\u00bboff\u00bb background_position_1=\u00bbtop_left\u00bb background_position_2=\u00bbtop_left\u00bb background_position_3=\u00bbtop_left\u00bb background_position_4=\u00bbtop_left\u00bb background_repeat_1=\u00bbno-repeat\u00bb background_repeat_2=\u00bbno-repeat\u00bb background_repeat_3=\u00bbno-repeat\u00bb background_repeat_4=\u00bbno-repeat\u00bb disabled_on=\u00bbon|on|off\u00bb admin_label=\u00bbFila\u00bb _builder_version=\u00bb3.0.49&#8243; background_size=\u00bbinitial\u00bb background_position=\u00bbtop_left\u00bb background_repeat=\u00bbrepeat\u00bb][et_pb_column type=\u00bb1_4&#8243; _builder_version=\u00bb3.0.47&#8243; parallax=\u00bboff\u00bb parallax_method=\u00bboff\u00bb background_position=\u00bbtop_left\u00bb background_repeat=\u00bbno-repeat\u00bb][\/et_pb_column][et_pb_column type=\u00bb1_4&#8243; _builder_version=\u00bb3.0.47&#8243; parallax=\u00bboff\u00bb parallax_method=\u00bboff\u00bb background_position=\u00bbtop_left\u00bb background_repeat=\u00bbno-repeat\u00bb][et_pb_blurb title=\u00bbEnsanche de Vallecas\u00bb use_icon=\u00bbon\u00bb font_icon=\u00bb%%124%%\u00bb icon_color=\u00bb#96bf0d\u00bb icon_placement=\u00bbleft\u00bb admin_label=\u00bbAnuncio\u00bb _builder_version=\u00bb3.0.49&#8243; header_font_size=\u00bb26&#8243; body_line_height=\u00bb1em\u00bb background_size=\u00bbinitial\u00bb background_position=\u00bbtop_left\u00bb background_repeat=\u00bbrepeat\u00bb]<\/p>\n<p style=\"text-align: left;\">Avda. del Cerro Milano, 141-143<\/p>\n<p style=\"text-align: left;\">911686518<\/p>\n<p>[\/et_pb_blurb][\/et_pb_column][et_pb_column type=\u00bb1_4&#8243; _builder_version=\u00bb3.0.47&#8243; parallax=\u00bboff\u00bb parallax_method=\u00bboff\u00bb background_position=\u00bbtop_left\u00bb background_repeat=\u00bbno-repeat\u00bb][et_pb_blurb title=\u00bbEnsanche de Vallecas\u00bb use_icon=\u00bbon\u00bb font_icon=\u00bb%%124%%\u00bb icon_color=\u00bb#96bf0d\u00bb icon_placement=\u00bbleft\u00bb admin_label=\u00bbAnuncio\u00bb _builder_version=\u00bb3.0.49&#8243; header_font_size=\u00bb26&#8243; body_line_height=\u00bb1em\u00bb background_size=\u00bbinitial\u00bb background_position=\u00bbtop_left\u00bb background_repeat=\u00bbrepeat\u00bb]<\/p>\n<p style=\"text-align: left;\">C\/Puentedey, 29- entrada por C\/ Entrepe\u00f1as,7<\/p>\n<p style=\"text-align: left;\">660006640\/645689429<\/p>\n<p>[\/et_pb_map_pin][et_pb_map_pin title=\u00bbDon Melit\u00f3n PAU de Carabanchel\u00bb pin_address=\u00bbCalle Peso Hispano, 42, 28054 Madrid, Espa\u00f1a\u00bb pin_address_lat=\u00bb40.3656497&#8243; pin_address_lng=\u00bb-3.745625700000005&#8243; _builder_version=\u00bb3.0.47&#8243;]<\/p>\n<p style=\"text-align: left;\">C\/ peso hispano, chalet 42<\/p>\n<p style=\"text-align: left;\">28054 Madrid<\/p>\n<p style=\"text-align: left;\">915112513\/ 660006640 Encarna<\/p>\n<p style=\"text-align: left;\">\n<p style=\"text-align: left;\">\n<p>[\/et_pb_map_pin][et_pb_map_pin title=\u00bbDon Melit\u00f3n Ensanche de Vallecas\u00bb pin_address=\u00bbAv. Cerro Milano, 141, 28031 Madrid, Espa\u00f1a\u00bb pin_address_lat=\u00bb40.36397900000001&#8243; pin_address_lng=\u00bb-3.5870506999999634&#8243; _builder_version=\u00bb3.0.47&#8243;]<\/p>\n<p style=\"text-align: left;\">Avda. del Cerro Milano, 141-143<\/p>\n<p style=\"text-align: left;\">645689429\/911686518<\/p>\n<p>[\/et_pb_map_pin][et_pb_map_pin title=\u00bbDon Melit\u00f3n Ensanche de Vallecas\u00bb pin_address=\u00bbCalle de Puentedey, 29, 28031 Madrid, Espa\u00f1a\u00bb pin_address_lat=\u00bb40.3667463&#8243; pin_address_lng=\u00bb-3.61016810000001&#8243; _builder_version=\u00bb3.0.47&#8243;]<\/p>\n<p style=\"text-align: left;\">C\/Puentedey, 29- entrada por C\/ Entrepe\u00f1as,7<\/p>\n<p style=\"text-align: left;\">660006640\/ 910809375 Encarna<\/p>\n<p>[\/et_pb_map_pin][\/et_pb_fullwidth_map][\/et_pb_section]<\/p>\n","protected":false},"excerpt":{"rendered":"<p>CU\u00c9NTANOS Si tienes alguna consulta que realizarnos,&#8230;<\/p>\n","protected":false},"author":1,"featured_media":0,"parent":0,"menu_order":0,"comment_status":"closed","ping_status":"closed","template":"template-about.php","meta":{"_et_pb_use_builder":"on","_et_pb_old_content":"","_et_gb_content_width":""},"_links":{"self":[{"href":"https:\/\/donmeliton.es\/escuela-infantil\/wp-json\/wp\/v2\/pages\/177"}],"collection":[{"href":"https:\/\/donmeliton.es\/escuela-infantil\/wp-json\/wp\/v2\/pages"}],"about":[{"href":"https:\/\/donmeliton.es\/escuela-infantil\/wp-json\/wp\/v2\/types\/page"}],"author":[{"embeddable":true,"href":"https:\/\/donmeliton.es\/escuela-infantil\/wp-json\/wp\/v2\/users\/1"}],"replies":[{"embeddable":true,"href":"https:\/\/donmeliton.es\/escuela-infantil\/wp-json\/wp\/v2\/comments?post=177"}],"version-history":[{"count":58,"href":"https:\/\/donmeliton.es\/escuela-infantil\/wp-json\/wp\/v2\/pages\/177\/revisions"}],"predecessor-version":[{"id":574,"href":"https:\/\/donmeliton.es\/escuela-infantil\/wp-json\/wp\/v2\/pages\/177\/revisions\/574"}],"wp:attachment":[{"href":"https:\/\/donmeliton.es\/escuela-infantil\/wp-json\/wp\/v2\/media?parent=177"}],"curies":[{"name":"wp","href":"https:\/\/api.w.org\/{rel}","templated":true}]}}