{"id":10,"date":"2017-05-25T10:59:42","date_gmt":"2017-05-25T10:59:42","guid":{"rendered":"https:\/\/donmeliton.es\/escuela-infantil\/?page_id=10"},"modified":"2017-06-21T09:34:43","modified_gmt":"2017-06-21T09:34:43","slug":"nuestro-equipo","status":"publish","type":"page","link":"https:\/\/donmeliton.es\/escuela-infantil\/nuestro-equipo\/","title":{"rendered":"Nuestro Equipo"},"content":{"rendered":"<p>[et_pb_section bb_built=\u00bb1&#8243; admin_label=\u00bbsection\u00bb transparent_background=\u00bboff\u00bb allow_player_pause=\u00bboff\u00bb inner_shadow=\u00bboff\u00bb parallax=\u00bboff\u00bb parallax_method=\u00bbon\u00bb make_fullwidth=\u00bboff\u00bb use_custom_width=\u00bboff\u00bb width_unit=\u00bbon\u00bb make_equal=\u00bboff\u00bb use_custom_gutter=\u00bboff\u00bb custom_padding=\u00bb30px||20px|\u00bb][et_pb_row admin_label=\u00bbrow\u00bb allow_player_pause=\u00bboff\u00bb parallax=\u00bboff\u00bb parallax_method=\u00bbon\u00bb parallax_1=\u00bboff\u00bb parallax_method_1=\u00bboff\u00bb make_fullwidth=\u00bboff\u00bb use_custom_width=\u00bboff\u00bb width_unit=\u00bbon\u00bb use_custom_gutter=\u00bboff\u00bb make_equal=\u00bboff\u00bb custom_margin=\u00bb20px||0px|\u00bb custom_padding=\u00bb20px||0px|\u00bb background_position=\u00bbtop_left\u00bb background_repeat=\u00bbrepeat\u00bb background_size=\u00bbinitial\u00bb][et_pb_column type=\u00bb4_4&#8243;][et_pb_text admin_label=\u00bbTexto\u00bb background_layout=\u00bblight\u00bb text_orientation=\u00bbleft\u00bb use_border_color=\u00bboff\u00bb border_color=\u00bb#ffffff\u00bb border_style=\u00bbsolid\u00bb background_position=\u00bbtop_left\u00bb background_repeat=\u00bbrepeat\u00bb background_size=\u00bbinitial\u00bb]<\/p>\n<h3 style=\"text-align: center;\"><strong>RESPETO Y LIBERTAD<\/strong><\/h3>\n<p>[\/et_pb_text][et_pb_divider admin_label=\u00bbSeparador\u00bb show_divider=\u00bbon\u00bb color=\u00bb#96bf0d\u00bb divider_style=\u00bbsolid\u00bb divider_position=\u00bbtop\u00bb hide_on_mobile=\u00bboff\u00bb divider_weight=\u00bb3&#8243; custom_css_main_element=\u00bbwidth:10%!important;||text-align: center;||margin: 0 auto;\u00bb saved_tabs=\u00bball\u00bb \/][et_pb_text admin_label=\u00bbTexto\u00bb background_layout=\u00bblight\u00bb text_orientation=\u00bbleft\u00bb border_style=\u00bbsolid\u00bb background_position=\u00bbtop_left\u00bb background_repeat=\u00bbrepeat\u00bb background_size=\u00bbinitial\u00bb _builder_version=\u00bb3.0.49&#8243;]<\/p>\n<p style=\"text-align: justify;\">Crecer en un ambiente respetuoso, lleno de cari\u00f1o es esencial para que el desarrollo infantil sea \u00f3ptimo, para que los ni\u00f1os crezcan felices.<\/p>\n<p style=\"text-align: justify;\">En Don Melit\u00f3n los educadores establecen una relaci\u00f3n afectiva con los ni\u00f1os, siguiendo unos ritmos guiados por las necesidades b\u00e1sicas del ni\u00f1o.<\/p>\n<p style=\"text-align: justify;\">Acompa\u00f1amos a los ni\u00f1os en su aprendizaje estableciendo unos l\u00edmites respetuosos para lograr seguridad y confianza.<br \/>\nTodos los educadores somos especializados, experimentados y con la formaci\u00f3n acad\u00e9mica precisa para desarrollar con el m\u00e1ximo \u00e9xito nuestra misi\u00f3n.<\/p>\n<p style=\"text-align: justify;\">Contamos con educadores que han recibido diferentes formaciones pedag\u00f3gicas (Maestros y T\u00e9cnicos Superiores de Educaci\u00f3n Infantil, Certificados en Disciplina Positiva), que participan en cursos de formaci\u00f3n y aportan continuamente ideas y est\u00edmulos para el trabajo diario.<\/p>\n<p>[\/et_pb_text][\/et_pb_column][\/et_pb_row][\/et_pb_section]<\/p>\n","protected":false},"excerpt":{"rendered":"<p>RESPETO Y LIBERTAD Crecer en un ambiente respetuoso,&#8230;<\/p>\n","protected":false},"author":1,"featured_media":0,"parent":0,"menu_order":0,"comment_status":"closed","ping_status":"closed","template":"","meta":{"_et_pb_use_builder":"on","_et_pb_old_content":"<h4><em><strong>Respeto y libertad<\/strong><\/em><\/h4><p>Crecer en un ambiente respetuoso, lleno de cari\u00f1o es esencial para que el desarrollo infantil sea \u00f3ptimo, para que los ni\u00f1os crezcan felices.<\/p><p>En Don Melit\u00f3n los educadores establecen una relaci\u00f3n afectiva con los ni\u00f1os, siguiendo unos ritmos guiados por las necesidades b\u00e1sicas del ni\u00f1o.<\/p><p>Acompa\u00f1amos a los ni\u00f1os en su aprendizaje estableciendo unos l\u00edmites respetuosos para lograr seguridad y confianza.<\/p><p>Todos los educadores somos especializados, experimentados y con la formaci\u00f3n acad\u00e9mica precisa para desarrollar con el m\u00e1ximo \u00e9xito nuestra misi\u00f3n.<\/p><p>Contamos con educadores que han recibido diferentes formaciones pedag\u00f3gicas (Maestros y T\u00e9cnicos Superiores de Educaci\u00f3n Infantil, Certificados en Disciplina Positiva), que participan en cursos de formaci\u00f3n y aportan continuamente ideas y est\u00edmulos para el trabajo diario.<\/p>","_et_gb_content_width":""},"_links":{"self":[{"href":"https:\/\/donmeliton.es\/escuela-infantil\/wp-json\/wp\/v2\/pages\/10"}],"collection":[{"href":"https:\/\/donmeliton.es\/escuela-infantil\/wp-json\/wp\/v2\/pages"}],"about":[{"href":"https:\/\/donmeliton.es\/escuela-infantil\/wp-json\/wp\/v2\/types\/page"}],"author":[{"embeddable":true,"href":"https:\/\/donmeliton.es\/escuela-infantil\/wp-json\/wp\/v2\/users\/1"}],"replies":[{"embeddable":true,"href":"https:\/\/donmeliton.es\/escuela-infantil\/wp-json\/wp\/v2\/comments?post=10"}],"version-history":[{"count":15,"href":"https:\/\/donmeliton.es\/escuela-infantil\/wp-json\/wp\/v2\/pages\/10\/revisions"}],"predecessor-version":[{"id":216,"href":"https:\/\/donmeliton.es\/escuela-infantil\/wp-json\/wp\/v2\/pages\/10\/revisions\/216"}],"wp:attachment":[{"href":"https:\/\/donmeliton.es\/escuela-infantil\/wp-json\/wp\/v2\/media?parent=10"}],"curies":[{"name":"wp","href":"https:\/\/api.w.org\/{rel}","templated":true}]}}